{"id":169,"date":"2025-05-02T11:38:15","date_gmt":"2025-05-02T11:38:15","guid":{"rendered":"https:\/\/coldbet.store\/tr\/?page_id=169"},"modified":"2025-08-20T07:02:03","modified_gmt":"2025-08-20T07:02:03","slug":"casino","status":"publish","type":"page","link":"https:\/\/coldbet.store\/tr\/casino\/","title":{"rendered":"Kumarhane"},"content":{"rendered":"","protected":false},"excerpt":{"rendered":"","protected":false},"author":1,"featured_media":0,"parent":0,"menu_order":1,"comment_status":"closed","ping_status":"closed","template":"","meta":{"footnotes":""},"class_list":["post-169","page","type-page","status-publish","hentry"],"yoast_head":"<!-- This site is optimized with the Yoast SEO plugin v27.4 - https:\/\/yoast.com\/product\/yoast-seo-wordpress\/ -->\n<title>ColdBet \u1433 \u00c7evrimi\u00e7i casinolar ve bahisler i\u00e7in tek adresiniz<\/title>\n<meta name=\"description\" content=\"ColdBet hakk\u0131nda her \u015fey: kay\u0131t, bonuslar, mobil uygulama, kripto para deste\u011fi ve en iyi oyunlar. G\u00fcvenli ve rahat bir \u015fekilde oynay\u0131n!\" \/>\n<meta name=\"robots\" content=\"index, follow, max-snippet:-1, max-image-preview:large, max-video-preview:-1\" \/>\n<meta property=\"og:locale\" content=\"tr_TR\" \/>\n<meta property=\"og:type\" content=\"article\" \/>\n<meta property=\"og:title\" content=\"ColdBet \u1433 \u00c7evrimi\u00e7i casinolar ve bahisler i\u00e7in tek adresiniz\" \/>\n<meta property=\"og:description\" content=\"ColdBet hakk\u0131nda her \u015fey: kay\u0131t, bonuslar, mobil uygulama, kripto para deste\u011fi ve en iyi oyunlar. G\u00fcvenli ve rahat bir \u015fekilde oynay\u0131n!\" \/>\n<meta property=\"og:url\" content=\"https:\/\/coldbet.store\/tr\/casino\/\" \/>\n<meta property=\"og:site_name\" content=\"coldbet TR\" \/>\n<meta property=\"article:modified_time\" content=\"2025-08-20T07:02:03+00:00\" \/>\n<meta name=\"twitter:card\" content=\"summary_large_image\" \/>\n<script type=\"application\/ld+json\" class=\"yoast-schema-graph\">{\"@context\":\"https:\\\/\\\/schema.org\",\"@graph\":[{\"@type\":\"WebPage\",\"@id\":\"https:\\\/\\\/coldbet.store\\\/tr\\\/casino\\\/\",\"url\":\"https:\\\/\\\/coldbet.store\\\/tr\\\/casino\\\/\",\"name\":\"ColdBet \u1433 \u00c7evrimi\u00e7i casinolar ve bahisler i\u00e7in tek adresiniz\",\"isPartOf\":{\"@id\":\"https:\\\/\\\/coldbet.store\\\/tr\\\/#website\"},\"datePublished\":\"2025-05-02T11:38:15+00:00\",\"dateModified\":\"2025-08-20T07:02:03+00:00\",\"description\":\"ColdBet hakk\u0131nda her \u015fey: kay\u0131t, bonuslar, mobil uygulama, kripto para deste\u011fi ve en iyi oyunlar. G\u00fcvenli ve rahat bir \u015fekilde oynay\u0131n!\",\"breadcrumb\":{\"@id\":\"https:\\\/\\\/coldbet.store\\\/tr\\\/casino\\\/#breadcrumb\"},\"inLanguage\":\"tr\",\"potentialAction\":[{\"@type\":\"ReadAction\",\"target\":[\"https:\\\/\\\/coldbet.store\\\/tr\\\/casino\\\/\"]}]},{\"@type\":\"BreadcrumbList\",\"@id\":\"https:\\\/\\\/coldbet.store\\\/tr\\\/casino\\\/#breadcrumb\",\"itemListElement\":[{\"@type\":\"ListItem\",\"position\":1,\"name\":\"\u0413\u043b\u0430\u0432\u043d\u0430\u044f \u0441\u0442\u0440\u0430\u043d\u0438\u0446\u0430\",\"item\":\"https:\\\/\\\/coldbet.store\\\/tr\\\/\"},{\"@type\":\"ListItem\",\"position\":2,\"name\":\"Kumarhane\"}]},{\"@type\":\"WebSite\",\"@id\":\"https:\\\/\\\/coldbet.store\\\/tr\\\/#website\",\"url\":\"https:\\\/\\\/coldbet.store\\\/tr\\\/\",\"name\":\"coldbet TR\",\"description\":\"My WordPress Blog\",\"potentialAction\":[{\"@type\":\"SearchAction\",\"target\":{\"@type\":\"EntryPoint\",\"urlTemplate\":\"https:\\\/\\\/coldbet.store\\\/tr\\\/?s={search_term_string}\"},\"query-input\":{\"@type\":\"PropertyValueSpecification\",\"valueRequired\":true,\"valueName\":\"search_term_string\"}}],\"inLanguage\":\"tr\"}]}<\/script>\n<!-- \/ Yoast SEO plugin. -->","yoast_head_json":{"title":"ColdBet \u1433 \u00c7evrimi\u00e7i casinolar ve bahisler i\u00e7in tek adresiniz","description":"ColdBet hakk\u0131nda her \u015fey: kay\u0131t, bonuslar, mobil uygulama, kripto para deste\u011fi ve en iyi oyunlar. G\u00fcvenli ve rahat bir \u015fekilde oynay\u0131n!","robots":{"index":"index","follow":"follow","max-snippet":"max-snippet:-1","max-image-preview":"max-image-preview:large","max-video-preview":"max-video-preview:-1"},"og_locale":"tr_TR","og_type":"article","og_title":"ColdBet \u1433 \u00c7evrimi\u00e7i casinolar ve bahisler i\u00e7in tek adresiniz","og_description":"ColdBet hakk\u0131nda her \u015fey: kay\u0131t, bonuslar, mobil uygulama, kripto para deste\u011fi ve en iyi oyunlar. G\u00fcvenli ve rahat bir \u015fekilde oynay\u0131n!","og_url":"https:\/\/coldbet.store\/tr\/casino\/","og_site_name":"coldbet TR","article_modified_time":"2025-08-20T07:02:03+00:00","twitter_card":"summary_large_image","schema":{"@context":"https:\/\/schema.org","@graph":[{"@type":"WebPage","@id":"https:\/\/coldbet.store\/tr\/casino\/","url":"https:\/\/coldbet.store\/tr\/casino\/","name":"ColdBet \u1433 \u00c7evrimi\u00e7i casinolar ve bahisler i\u00e7in tek adresiniz","isPartOf":{"@id":"https:\/\/coldbet.store\/tr\/#website"},"datePublished":"2025-05-02T11:38:15+00:00","dateModified":"2025-08-20T07:02:03+00:00","description":"ColdBet hakk\u0131nda her \u015fey: kay\u0131t, bonuslar, mobil uygulama, kripto para deste\u011fi ve en iyi oyunlar. G\u00fcvenli ve rahat bir \u015fekilde oynay\u0131n!","breadcrumb":{"@id":"https:\/\/coldbet.store\/tr\/casino\/#breadcrumb"},"inLanguage":"tr","potentialAction":[{"@type":"ReadAction","target":["https:\/\/coldbet.store\/tr\/casino\/"]}]},{"@type":"BreadcrumbList","@id":"https:\/\/coldbet.store\/tr\/casino\/#breadcrumb","itemListElement":[{"@type":"ListItem","position":1,"name":"\u0413\u043b\u0430\u0432\u043d\u0430\u044f \u0441\u0442\u0440\u0430\u043d\u0438\u0446\u0430","item":"https:\/\/coldbet.store\/tr\/"},{"@type":"ListItem","position":2,"name":"Kumarhane"}]},{"@type":"WebSite","@id":"https:\/\/coldbet.store\/tr\/#website","url":"https:\/\/coldbet.store\/tr\/","name":"coldbet TR","description":"My WordPress Blog","potentialAction":[{"@type":"SearchAction","target":{"@type":"EntryPoint","urlTemplate":"https:\/\/coldbet.store\/tr\/?s={search_term_string}"},"query-input":{"@type":"PropertyValueSpecification","valueRequired":true,"valueName":"search_term_string"}}],"inLanguage":"tr"}]}},"_links":{"self":[{"href":"https:\/\/coldbet.store\/tr\/wp-json\/wp\/v2\/pages\/169","targetHints":{"allow":["GET"]}}],"collection":[{"href":"https:\/\/coldbet.store\/tr\/wp-json\/wp\/v2\/pages"}],"about":[{"href":"https:\/\/coldbet.store\/tr\/wp-json\/wp\/v2\/types\/page"}],"author":[{"embeddable":true,"href":"https:\/\/coldbet.store\/tr\/wp-json\/wp\/v2\/users\/1"}],"replies":[{"embeddable":true,"href":"https:\/\/coldbet.store\/tr\/wp-json\/wp\/v2\/comments?post=169"}],"version-history":[{"count":7,"href":"https:\/\/coldbet.store\/tr\/wp-json\/wp\/v2\/pages\/169\/revisions"}],"predecessor-version":[{"id":255,"href":"https:\/\/coldbet.store\/tr\/wp-json\/wp\/v2\/pages\/169\/revisions\/255"}],"wp:attachment":[{"href":"https:\/\/coldbet.store\/tr\/wp-json\/wp\/v2\/media?parent=169"}],"curies":[{"name":"wp","href":"https:\/\/api.w.org\/{rel}","templated":true}]}}