{"id":176,"date":"2025-05-12T09:53:29","date_gmt":"2025-05-12T09:53:29","guid":{"rendered":"https:\/\/coldbet.store\/tr\/?page_id=176"},"modified":"2025-08-20T06:45:38","modified_gmt":"2025-08-20T06:45:38","slug":"log-in","status":"publish","type":"page","link":"https:\/\/coldbet.store\/tr\/log-in\/","title":{"rendered":"Giri\u015f yapmak"},"content":{"rendered":"","protected":false},"excerpt":{"rendered":"","protected":false},"author":1,"featured_media":0,"parent":0,"menu_order":3,"comment_status":"closed","ping_status":"closed","template":"","meta":{"footnotes":""},"class_list":["post-176","page","type-page","status-publish","hentry"],"yoast_head":"<!-- This site is optimized with the Yoast SEO plugin v27.4 - https:\/\/yoast.com\/product\/yoast-seo-wordpress\/ -->\n<title>ColdBet giri\u015fi \u1433 Nas\u0131l giri\u015f yap\u0131l\u0131r ve bahis oynamaya ba\u015flan\u0131r<\/title>\n<meta name=\"description\" content=\"ColdBet giri\u015f s\u00fcreci basit ve g\u00fcvenlidir. Web sitesi, uygulama veya telefon numaras\u0131 arac\u0131l\u0131\u011f\u0131yla nas\u0131l giri\u015f yapaca\u011f\u0131n\u0131z\u0131 \u00f6\u011frenin.\" \/>\n<meta name=\"robots\" content=\"index, follow, max-snippet:-1, max-image-preview:large, max-video-preview:-1\" \/>\n<meta property=\"og:locale\" content=\"tr_TR\" \/>\n<meta property=\"og:type\" content=\"article\" \/>\n<meta property=\"og:title\" content=\"ColdBet giri\u015fi \u1433 Nas\u0131l giri\u015f yap\u0131l\u0131r ve bahis oynamaya ba\u015flan\u0131r\" \/>\n<meta property=\"og:description\" content=\"ColdBet giri\u015f s\u00fcreci basit ve g\u00fcvenlidir. Web sitesi, uygulama veya telefon numaras\u0131 arac\u0131l\u0131\u011f\u0131yla nas\u0131l giri\u015f yapaca\u011f\u0131n\u0131z\u0131 \u00f6\u011frenin.\" \/>\n<meta property=\"og:url\" content=\"https:\/\/coldbet.store\/tr\/log-in\/\" \/>\n<meta property=\"og:site_name\" content=\"coldbet TR\" \/>\n<meta property=\"article:modified_time\" content=\"2025-08-20T06:45:38+00:00\" \/>\n<meta name=\"twitter:card\" content=\"summary_large_image\" \/>\n<script type=\"application\/ld+json\" class=\"yoast-schema-graph\">{\"@context\":\"https:\\\/\\\/schema.org\",\"@graph\":[{\"@type\":\"WebPage\",\"@id\":\"https:\\\/\\\/coldbet.store\\\/tr\\\/log-in\\\/\",\"url\":\"https:\\\/\\\/coldbet.store\\\/tr\\\/log-in\\\/\",\"name\":\"ColdBet giri\u015fi \u1433 Nas\u0131l giri\u015f yap\u0131l\u0131r ve bahis oynamaya ba\u015flan\u0131r\",\"isPartOf\":{\"@id\":\"https:\\\/\\\/coldbet.store\\\/tr\\\/#website\"},\"datePublished\":\"2025-05-12T09:53:29+00:00\",\"dateModified\":\"2025-08-20T06:45:38+00:00\",\"description\":\"ColdBet giri\u015f s\u00fcreci basit ve g\u00fcvenlidir. Web sitesi, uygulama veya telefon numaras\u0131 arac\u0131l\u0131\u011f\u0131yla nas\u0131l giri\u015f yapaca\u011f\u0131n\u0131z\u0131 \u00f6\u011frenin.\",\"breadcrumb\":{\"@id\":\"https:\\\/\\\/coldbet.store\\\/tr\\\/log-in\\\/#breadcrumb\"},\"inLanguage\":\"tr\",\"potentialAction\":[{\"@type\":\"ReadAction\",\"target\":[\"https:\\\/\\\/coldbet.store\\\/tr\\\/log-in\\\/\"]}]},{\"@type\":\"BreadcrumbList\",\"@id\":\"https:\\\/\\\/coldbet.store\\\/tr\\\/log-in\\\/#breadcrumb\",\"itemListElement\":[{\"@type\":\"ListItem\",\"position\":1,\"name\":\"\u0413\u043b\u0430\u0432\u043d\u0430\u044f \u0441\u0442\u0440\u0430\u043d\u0438\u0446\u0430\",\"item\":\"https:\\\/\\\/coldbet.store\\\/tr\\\/\"},{\"@type\":\"ListItem\",\"position\":2,\"name\":\"Giri\u015f yapmak\"}]},{\"@type\":\"WebSite\",\"@id\":\"https:\\\/\\\/coldbet.store\\\/tr\\\/#website\",\"url\":\"https:\\\/\\\/coldbet.store\\\/tr\\\/\",\"name\":\"coldbet TR\",\"description\":\"My WordPress Blog\",\"potentialAction\":[{\"@type\":\"SearchAction\",\"target\":{\"@type\":\"EntryPoint\",\"urlTemplate\":\"https:\\\/\\\/coldbet.store\\\/tr\\\/?s={search_term_string}\"},\"query-input\":{\"@type\":\"PropertyValueSpecification\",\"valueRequired\":true,\"valueName\":\"search_term_string\"}}],\"inLanguage\":\"tr\"}]}<\/script>\n<!-- \/ Yoast SEO plugin. -->","yoast_head_json":{"title":"ColdBet giri\u015fi \u1433 Nas\u0131l giri\u015f yap\u0131l\u0131r ve bahis oynamaya ba\u015flan\u0131r","description":"ColdBet giri\u015f s\u00fcreci basit ve g\u00fcvenlidir. Web sitesi, uygulama veya telefon numaras\u0131 arac\u0131l\u0131\u011f\u0131yla nas\u0131l giri\u015f yapaca\u011f\u0131n\u0131z\u0131 \u00f6\u011frenin.","robots":{"index":"index","follow":"follow","max-snippet":"max-snippet:-1","max-image-preview":"max-image-preview:large","max-video-preview":"max-video-preview:-1"},"og_locale":"tr_TR","og_type":"article","og_title":"ColdBet giri\u015fi \u1433 Nas\u0131l giri\u015f yap\u0131l\u0131r ve bahis oynamaya ba\u015flan\u0131r","og_description":"ColdBet giri\u015f s\u00fcreci basit ve g\u00fcvenlidir. Web sitesi, uygulama veya telefon numaras\u0131 arac\u0131l\u0131\u011f\u0131yla nas\u0131l giri\u015f yapaca\u011f\u0131n\u0131z\u0131 \u00f6\u011frenin.","og_url":"https:\/\/coldbet.store\/tr\/log-in\/","og_site_name":"coldbet TR","article_modified_time":"2025-08-20T06:45:38+00:00","twitter_card":"summary_large_image","schema":{"@context":"https:\/\/schema.org","@graph":[{"@type":"WebPage","@id":"https:\/\/coldbet.store\/tr\/log-in\/","url":"https:\/\/coldbet.store\/tr\/log-in\/","name":"ColdBet giri\u015fi \u1433 Nas\u0131l giri\u015f yap\u0131l\u0131r ve bahis oynamaya ba\u015flan\u0131r","isPartOf":{"@id":"https:\/\/coldbet.store\/tr\/#website"},"datePublished":"2025-05-12T09:53:29+00:00","dateModified":"2025-08-20T06:45:38+00:00","description":"ColdBet giri\u015f s\u00fcreci basit ve g\u00fcvenlidir. Web sitesi, uygulama veya telefon numaras\u0131 arac\u0131l\u0131\u011f\u0131yla nas\u0131l giri\u015f yapaca\u011f\u0131n\u0131z\u0131 \u00f6\u011frenin.","breadcrumb":{"@id":"https:\/\/coldbet.store\/tr\/log-in\/#breadcrumb"},"inLanguage":"tr","potentialAction":[{"@type":"ReadAction","target":["https:\/\/coldbet.store\/tr\/log-in\/"]}]},{"@type":"BreadcrumbList","@id":"https:\/\/coldbet.store\/tr\/log-in\/#breadcrumb","itemListElement":[{"@type":"ListItem","position":1,"name":"\u0413\u043b\u0430\u0432\u043d\u0430\u044f \u0441\u0442\u0440\u0430\u043d\u0438\u0446\u0430","item":"https:\/\/coldbet.store\/tr\/"},{"@type":"ListItem","position":2,"name":"Giri\u015f yapmak"}]},{"@type":"WebSite","@id":"https:\/\/coldbet.store\/tr\/#website","url":"https:\/\/coldbet.store\/tr\/","name":"coldbet TR","description":"My WordPress Blog","potentialAction":[{"@type":"SearchAction","target":{"@type":"EntryPoint","urlTemplate":"https:\/\/coldbet.store\/tr\/?s={search_term_string}"},"query-input":{"@type":"PropertyValueSpecification","valueRequired":true,"valueName":"search_term_string"}}],"inLanguage":"tr"}]}},"_links":{"self":[{"href":"https:\/\/coldbet.store\/tr\/wp-json\/wp\/v2\/pages\/176","targetHints":{"allow":["GET"]}}],"collection":[{"href":"https:\/\/coldbet.store\/tr\/wp-json\/wp\/v2\/pages"}],"about":[{"href":"https:\/\/coldbet.store\/tr\/wp-json\/wp\/v2\/types\/page"}],"author":[{"embeddable":true,"href":"https:\/\/coldbet.store\/tr\/wp-json\/wp\/v2\/users\/1"}],"replies":[{"embeddable":true,"href":"https:\/\/coldbet.store\/tr\/wp-json\/wp\/v2\/comments?post=176"}],"version-history":[{"count":6,"href":"https:\/\/coldbet.store\/tr\/wp-json\/wp\/v2\/pages\/176\/revisions"}],"predecessor-version":[{"id":250,"href":"https:\/\/coldbet.store\/tr\/wp-json\/wp\/v2\/pages\/176\/revisions\/250"}],"wp:attachment":[{"href":"https:\/\/coldbet.store\/tr\/wp-json\/wp\/v2\/media?parent=176"}],"curies":[{"name":"wp","href":"https:\/\/api.w.org\/{rel}","templated":true}]}}