{"id":180,"date":"2025-05-15T14:20:47","date_gmt":"2025-05-15T14:20:47","guid":{"rendered":"https:\/\/coldbet.store\/tr\/?page_id=180"},"modified":"2025-08-20T06:27:34","modified_gmt":"2025-08-20T06:27:34","slug":"apk","status":"publish","type":"page","link":"https:\/\/coldbet.store\/tr\/apk\/","title":{"rendered":"APK"},"content":{"rendered":"","protected":false},"excerpt":{"rendered":"","protected":false},"author":1,"featured_media":0,"parent":0,"menu_order":6,"comment_status":"closed","ping_status":"closed","template":"","meta":{"footnotes":""},"class_list":["post-180","page","type-page","status-publish","hentry"],"yoast_head":"<!-- This site is optimized with the Yoast SEO plugin v27.4 - https:\/\/yoast.com\/product\/yoast-seo-wordpress\/ -->\n<title>ColdBet APK \u1433 Mobil Bahis ve heyecana mobil eri\u015fim<\/title>\n<meta name=\"description\" content=\"ColdBet APK&#039;s\u0131n\u0131 indirin ve Android cihaz\u0131n\u0131zda spor bahislerine, casinoya ve canl\u0131 oyunlara mobil eri\u015fim sa\u011flay\u0131n.\" \/>\n<meta name=\"robots\" content=\"index, follow, max-snippet:-1, max-image-preview:large, max-video-preview:-1\" \/>\n<meta property=\"og:locale\" content=\"tr_TR\" \/>\n<meta property=\"og:type\" content=\"article\" \/>\n<meta property=\"og:title\" content=\"ColdBet APK \u1433 Mobil Bahis ve heyecana mobil eri\u015fim\" \/>\n<meta property=\"og:description\" content=\"ColdBet APK&#039;s\u0131n\u0131 indirin ve Android cihaz\u0131n\u0131zda spor bahislerine, casinoya ve canl\u0131 oyunlara mobil eri\u015fim sa\u011flay\u0131n.\" \/>\n<meta property=\"og:url\" content=\"https:\/\/coldbet.store\/tr\/apk\/\" \/>\n<meta property=\"og:site_name\" content=\"coldbet TR\" \/>\n<meta property=\"article:modified_time\" content=\"2025-08-20T06:27:34+00:00\" \/>\n<meta name=\"twitter:card\" content=\"summary_large_image\" \/>\n<script type=\"application\/ld+json\" class=\"yoast-schema-graph\">{\"@context\":\"https:\\\/\\\/schema.org\",\"@graph\":[{\"@type\":\"WebPage\",\"@id\":\"https:\\\/\\\/coldbet.store\\\/tr\\\/apk\\\/\",\"url\":\"https:\\\/\\\/coldbet.store\\\/tr\\\/apk\\\/\",\"name\":\"ColdBet APK \u1433 Mobil Bahis ve heyecana mobil eri\u015fim\",\"isPartOf\":{\"@id\":\"https:\\\/\\\/coldbet.store\\\/tr\\\/#website\"},\"datePublished\":\"2025-05-15T14:20:47+00:00\",\"dateModified\":\"2025-08-20T06:27:34+00:00\",\"description\":\"ColdBet APK's\u0131n\u0131 indirin ve Android cihaz\u0131n\u0131zda spor bahislerine, casinoya ve canl\u0131 oyunlara mobil eri\u015fim sa\u011flay\u0131n.\",\"breadcrumb\":{\"@id\":\"https:\\\/\\\/coldbet.store\\\/tr\\\/apk\\\/#breadcrumb\"},\"inLanguage\":\"tr\",\"potentialAction\":[{\"@type\":\"ReadAction\",\"target\":[\"https:\\\/\\\/coldbet.store\\\/tr\\\/apk\\\/\"]}]},{\"@type\":\"BreadcrumbList\",\"@id\":\"https:\\\/\\\/coldbet.store\\\/tr\\\/apk\\\/#breadcrumb\",\"itemListElement\":[{\"@type\":\"ListItem\",\"position\":1,\"name\":\"\u0413\u043b\u0430\u0432\u043d\u0430\u044f \u0441\u0442\u0440\u0430\u043d\u0438\u0446\u0430\",\"item\":\"https:\\\/\\\/coldbet.store\\\/tr\\\/\"},{\"@type\":\"ListItem\",\"position\":2,\"name\":\"APK\"}]},{\"@type\":\"WebSite\",\"@id\":\"https:\\\/\\\/coldbet.store\\\/tr\\\/#website\",\"url\":\"https:\\\/\\\/coldbet.store\\\/tr\\\/\",\"name\":\"coldbet TR\",\"description\":\"My WordPress Blog\",\"potentialAction\":[{\"@type\":\"SearchAction\",\"target\":{\"@type\":\"EntryPoint\",\"urlTemplate\":\"https:\\\/\\\/coldbet.store\\\/tr\\\/?s={search_term_string}\"},\"query-input\":{\"@type\":\"PropertyValueSpecification\",\"valueRequired\":true,\"valueName\":\"search_term_string\"}}],\"inLanguage\":\"tr\"}]}<\/script>\n<!-- \/ Yoast SEO plugin. -->","yoast_head_json":{"title":"ColdBet APK \u1433 Mobil Bahis ve heyecana mobil eri\u015fim","description":"ColdBet APK's\u0131n\u0131 indirin ve Android cihaz\u0131n\u0131zda spor bahislerine, casinoya ve canl\u0131 oyunlara mobil eri\u015fim sa\u011flay\u0131n.","robots":{"index":"index","follow":"follow","max-snippet":"max-snippet:-1","max-image-preview":"max-image-preview:large","max-video-preview":"max-video-preview:-1"},"og_locale":"tr_TR","og_type":"article","og_title":"ColdBet APK \u1433 Mobil Bahis ve heyecana mobil eri\u015fim","og_description":"ColdBet APK's\u0131n\u0131 indirin ve Android cihaz\u0131n\u0131zda spor bahislerine, casinoya ve canl\u0131 oyunlara mobil eri\u015fim sa\u011flay\u0131n.","og_url":"https:\/\/coldbet.store\/tr\/apk\/","og_site_name":"coldbet TR","article_modified_time":"2025-08-20T06:27:34+00:00","twitter_card":"summary_large_image","schema":{"@context":"https:\/\/schema.org","@graph":[{"@type":"WebPage","@id":"https:\/\/coldbet.store\/tr\/apk\/","url":"https:\/\/coldbet.store\/tr\/apk\/","name":"ColdBet APK \u1433 Mobil Bahis ve heyecana mobil eri\u015fim","isPartOf":{"@id":"https:\/\/coldbet.store\/tr\/#website"},"datePublished":"2025-05-15T14:20:47+00:00","dateModified":"2025-08-20T06:27:34+00:00","description":"ColdBet APK's\u0131n\u0131 indirin ve Android cihaz\u0131n\u0131zda spor bahislerine, casinoya ve canl\u0131 oyunlara mobil eri\u015fim sa\u011flay\u0131n.","breadcrumb":{"@id":"https:\/\/coldbet.store\/tr\/apk\/#breadcrumb"},"inLanguage":"tr","potentialAction":[{"@type":"ReadAction","target":["https:\/\/coldbet.store\/tr\/apk\/"]}]},{"@type":"BreadcrumbList","@id":"https:\/\/coldbet.store\/tr\/apk\/#breadcrumb","itemListElement":[{"@type":"ListItem","position":1,"name":"\u0413\u043b\u0430\u0432\u043d\u0430\u044f \u0441\u0442\u0440\u0430\u043d\u0438\u0446\u0430","item":"https:\/\/coldbet.store\/tr\/"},{"@type":"ListItem","position":2,"name":"APK"}]},{"@type":"WebSite","@id":"https:\/\/coldbet.store\/tr\/#website","url":"https:\/\/coldbet.store\/tr\/","name":"coldbet TR","description":"My WordPress Blog","potentialAction":[{"@type":"SearchAction","target":{"@type":"EntryPoint","urlTemplate":"https:\/\/coldbet.store\/tr\/?s={search_term_string}"},"query-input":{"@type":"PropertyValueSpecification","valueRequired":true,"valueName":"search_term_string"}}],"inLanguage":"tr"}]}},"_links":{"self":[{"href":"https:\/\/coldbet.store\/tr\/wp-json\/wp\/v2\/pages\/180","targetHints":{"allow":["GET"]}}],"collection":[{"href":"https:\/\/coldbet.store\/tr\/wp-json\/wp\/v2\/pages"}],"about":[{"href":"https:\/\/coldbet.store\/tr\/wp-json\/wp\/v2\/types\/page"}],"author":[{"embeddable":true,"href":"https:\/\/coldbet.store\/tr\/wp-json\/wp\/v2\/users\/1"}],"replies":[{"embeddable":true,"href":"https:\/\/coldbet.store\/tr\/wp-json\/wp\/v2\/comments?post=180"}],"version-history":[{"count":6,"href":"https:\/\/coldbet.store\/tr\/wp-json\/wp\/v2\/pages\/180\/revisions"}],"predecessor-version":[{"id":244,"href":"https:\/\/coldbet.store\/tr\/wp-json\/wp\/v2\/pages\/180\/revisions\/244"}],"wp:attachment":[{"href":"https:\/\/coldbet.store\/tr\/wp-json\/wp\/v2\/media?parent=180"}],"curies":[{"name":"wp","href":"https:\/\/api.w.org\/{rel}","templated":true}]}}