{"id":190,"date":"2025-05-20T09:19:45","date_gmt":"2025-05-20T09:19:45","guid":{"rendered":"https:\/\/coldbet.store\/tr\/?page_id=190"},"modified":"2025-08-20T06:17:52","modified_gmt":"2025-08-20T06:17:52","slug":"ios","status":"publish","type":"page","link":"https:\/\/coldbet.store\/tr\/ios\/","title":{"rendered":"iOS"},"content":{"rendered":"","protected":false},"excerpt":{"rendered":"","protected":false},"author":1,"featured_media":0,"parent":0,"menu_order":7,"comment_status":"closed","ping_status":"closed","template":"","meta":{"footnotes":""},"class_list":["post-190","page","type-page","status-publish","hentry"],"yoast_head":"<!-- This site is optimized with the Yoast SEO plugin v27.4 - https:\/\/yoast.com\/product\/yoast-seo-wordpress\/ -->\n<title>ColdBet iOS \u1433 Tek Uygulamada Bahis ve Casino<\/title>\n<meta name=\"description\" content=\"ColdBet iOS&#039;a indirin - iPhone&#039;unuzda spor bahislerine ve canl\u0131 casinoya eri\u015fin. H\u0131zl\u0131 kurulum, g\u00fcncellemeler ve istikrarl\u0131 performans.\" \/>\n<meta name=\"robots\" content=\"index, follow, max-snippet:-1, max-image-preview:large, max-video-preview:-1\" \/>\n<meta property=\"og:locale\" content=\"tr_TR\" \/>\n<meta property=\"og:type\" content=\"article\" \/>\n<meta property=\"og:title\" content=\"ColdBet iOS \u1433 Tek Uygulamada Bahis ve Casino\" \/>\n<meta property=\"og:description\" content=\"ColdBet iOS&#039;a indirin - iPhone&#039;unuzda spor bahislerine ve canl\u0131 casinoya eri\u015fin. H\u0131zl\u0131 kurulum, g\u00fcncellemeler ve istikrarl\u0131 performans.\" \/>\n<meta property=\"og:url\" content=\"https:\/\/coldbet.store\/tr\/ios\/\" \/>\n<meta property=\"og:site_name\" content=\"coldbet TR\" \/>\n<meta property=\"article:modified_time\" content=\"2025-08-20T06:17:52+00:00\" \/>\n<meta name=\"twitter:card\" content=\"summary_large_image\" \/>\n<script type=\"application\/ld+json\" class=\"yoast-schema-graph\">{\"@context\":\"https:\\\/\\\/schema.org\",\"@graph\":[{\"@type\":\"WebPage\",\"@id\":\"https:\\\/\\\/coldbet.store\\\/tr\\\/ios\\\/\",\"url\":\"https:\\\/\\\/coldbet.store\\\/tr\\\/ios\\\/\",\"name\":\"ColdBet iOS \u1433 Tek Uygulamada Bahis ve Casino\",\"isPartOf\":{\"@id\":\"https:\\\/\\\/coldbet.store\\\/tr\\\/#website\"},\"datePublished\":\"2025-05-20T09:19:45+00:00\",\"dateModified\":\"2025-08-20T06:17:52+00:00\",\"description\":\"ColdBet iOS'a indirin - iPhone'unuzda spor bahislerine ve canl\u0131 casinoya eri\u015fin. H\u0131zl\u0131 kurulum, g\u00fcncellemeler ve istikrarl\u0131 performans.\",\"breadcrumb\":{\"@id\":\"https:\\\/\\\/coldbet.store\\\/tr\\\/ios\\\/#breadcrumb\"},\"inLanguage\":\"tr\",\"potentialAction\":[{\"@type\":\"ReadAction\",\"target\":[\"https:\\\/\\\/coldbet.store\\\/tr\\\/ios\\\/\"]}]},{\"@type\":\"BreadcrumbList\",\"@id\":\"https:\\\/\\\/coldbet.store\\\/tr\\\/ios\\\/#breadcrumb\",\"itemListElement\":[{\"@type\":\"ListItem\",\"position\":1,\"name\":\"\u0413\u043b\u0430\u0432\u043d\u0430\u044f \u0441\u0442\u0440\u0430\u043d\u0438\u0446\u0430\",\"item\":\"https:\\\/\\\/coldbet.store\\\/tr\\\/\"},{\"@type\":\"ListItem\",\"position\":2,\"name\":\"iOS\"}]},{\"@type\":\"WebSite\",\"@id\":\"https:\\\/\\\/coldbet.store\\\/tr\\\/#website\",\"url\":\"https:\\\/\\\/coldbet.store\\\/tr\\\/\",\"name\":\"coldbet TR\",\"description\":\"My WordPress Blog\",\"potentialAction\":[{\"@type\":\"SearchAction\",\"target\":{\"@type\":\"EntryPoint\",\"urlTemplate\":\"https:\\\/\\\/coldbet.store\\\/tr\\\/?s={search_term_string}\"},\"query-input\":{\"@type\":\"PropertyValueSpecification\",\"valueRequired\":true,\"valueName\":\"search_term_string\"}}],\"inLanguage\":\"tr\"}]}<\/script>\n<!-- \/ Yoast SEO plugin. -->","yoast_head_json":{"title":"ColdBet iOS \u1433 Tek Uygulamada Bahis ve Casino","description":"ColdBet iOS'a indirin - iPhone'unuzda spor bahislerine ve canl\u0131 casinoya eri\u015fin. H\u0131zl\u0131 kurulum, g\u00fcncellemeler ve istikrarl\u0131 performans.","robots":{"index":"index","follow":"follow","max-snippet":"max-snippet:-1","max-image-preview":"max-image-preview:large","max-video-preview":"max-video-preview:-1"},"og_locale":"tr_TR","og_type":"article","og_title":"ColdBet iOS \u1433 Tek Uygulamada Bahis ve Casino","og_description":"ColdBet iOS'a indirin - iPhone'unuzda spor bahislerine ve canl\u0131 casinoya eri\u015fin. H\u0131zl\u0131 kurulum, g\u00fcncellemeler ve istikrarl\u0131 performans.","og_url":"https:\/\/coldbet.store\/tr\/ios\/","og_site_name":"coldbet TR","article_modified_time":"2025-08-20T06:17:52+00:00","twitter_card":"summary_large_image","schema":{"@context":"https:\/\/schema.org","@graph":[{"@type":"WebPage","@id":"https:\/\/coldbet.store\/tr\/ios\/","url":"https:\/\/coldbet.store\/tr\/ios\/","name":"ColdBet iOS \u1433 Tek Uygulamada Bahis ve Casino","isPartOf":{"@id":"https:\/\/coldbet.store\/tr\/#website"},"datePublished":"2025-05-20T09:19:45+00:00","dateModified":"2025-08-20T06:17:52+00:00","description":"ColdBet iOS'a indirin - iPhone'unuzda spor bahislerine ve canl\u0131 casinoya eri\u015fin. H\u0131zl\u0131 kurulum, g\u00fcncellemeler ve istikrarl\u0131 performans.","breadcrumb":{"@id":"https:\/\/coldbet.store\/tr\/ios\/#breadcrumb"},"inLanguage":"tr","potentialAction":[{"@type":"ReadAction","target":["https:\/\/coldbet.store\/tr\/ios\/"]}]},{"@type":"BreadcrumbList","@id":"https:\/\/coldbet.store\/tr\/ios\/#breadcrumb","itemListElement":[{"@type":"ListItem","position":1,"name":"\u0413\u043b\u0430\u0432\u043d\u0430\u044f \u0441\u0442\u0440\u0430\u043d\u0438\u0446\u0430","item":"https:\/\/coldbet.store\/tr\/"},{"@type":"ListItem","position":2,"name":"iOS"}]},{"@type":"WebSite","@id":"https:\/\/coldbet.store\/tr\/#website","url":"https:\/\/coldbet.store\/tr\/","name":"coldbet TR","description":"My WordPress Blog","potentialAction":[{"@type":"SearchAction","target":{"@type":"EntryPoint","urlTemplate":"https:\/\/coldbet.store\/tr\/?s={search_term_string}"},"query-input":{"@type":"PropertyValueSpecification","valueRequired":true,"valueName":"search_term_string"}}],"inLanguage":"tr"}]}},"_links":{"self":[{"href":"https:\/\/coldbet.store\/tr\/wp-json\/wp\/v2\/pages\/190","targetHints":{"allow":["GET"]}}],"collection":[{"href":"https:\/\/coldbet.store\/tr\/wp-json\/wp\/v2\/pages"}],"about":[{"href":"https:\/\/coldbet.store\/tr\/wp-json\/wp\/v2\/types\/page"}],"author":[{"embeddable":true,"href":"https:\/\/coldbet.store\/tr\/wp-json\/wp\/v2\/users\/1"}],"replies":[{"embeddable":true,"href":"https:\/\/coldbet.store\/tr\/wp-json\/wp\/v2\/comments?post=190"}],"version-history":[{"count":6,"href":"https:\/\/coldbet.store\/tr\/wp-json\/wp\/v2\/pages\/190\/revisions"}],"predecessor-version":[{"id":241,"href":"https:\/\/coldbet.store\/tr\/wp-json\/wp\/v2\/pages\/190\/revisions\/241"}],"wp:attachment":[{"href":"https:\/\/coldbet.store\/tr\/wp-json\/wp\/v2\/media?parent=190"}],"curies":[{"name":"wp","href":"https:\/\/api.w.org\/{rel}","templated":true}]}}