{"id":2,"date":"2023-05-18T17:18:34","date_gmt":"2023-05-18T17:18:34","guid":{"rendered":"https:\/\/coldbet.store\/tr\/?page_id=2"},"modified":"2025-08-20T07:17:50","modified_gmt":"2025-08-20T07:17:50","slug":"sample-page","status":"publish","type":"page","link":"https:\/\/coldbet.store\/tr\/","title":{"rendered":"Ana sayfa"},"content":{"rendered":"","protected":false},"excerpt":{"rendered":"","protected":false},"author":1,"featured_media":0,"parent":0,"menu_order":0,"comment_status":"closed","ping_status":"open","template":"","meta":{"footnotes":""},"class_list":["post-2","page","type-page","status-publish","hentry"],"yoast_head":"<!-- This site is optimized with the Yoast SEO plugin v27.4 - https:\/\/yoast.com\/product\/yoast-seo-wordpress\/ -->\n<title>Coldbet \u1433 spor bahisleri ve casino oyunlar\u0131<\/title>\n<meta name=\"description\" content=\"Spor bahisleri, casino oyunlar\u0131 ve daha fazlas\u0131 i\u00e7in Coldbet&#039;e \u00e7evrimi\u00e7i kat\u0131l\u0131n. Kolay giri\u015f, h\u0131zl\u0131 \u00f6demeler ve kullan\u0131\u015fl\u0131 bir platform.\" \/>\n<meta name=\"robots\" content=\"index, follow, max-snippet:-1, max-image-preview:large, max-video-preview:-1\" \/>\n<meta property=\"og:locale\" content=\"tr_TR\" \/>\n<meta property=\"og:type\" content=\"article\" \/>\n<meta property=\"og:title\" content=\"Coldbet \u1433 spor bahisleri ve casino oyunlar\u0131\" \/>\n<meta property=\"og:description\" content=\"Spor bahisleri, casino oyunlar\u0131 ve daha fazlas\u0131 i\u00e7in Coldbet&#039;e \u00e7evrimi\u00e7i kat\u0131l\u0131n. Kolay giri\u015f, h\u0131zl\u0131 \u00f6demeler ve kullan\u0131\u015fl\u0131 bir platform.\" \/>\n<meta property=\"og:url\" content=\"https:\/\/coldbet.store\/tr\/\" \/>\n<meta property=\"og:site_name\" content=\"coldbet TR\" \/>\n<meta property=\"article:modified_time\" content=\"2025-08-20T07:17:50+00:00\" \/>\n<meta name=\"twitter:card\" content=\"summary_large_image\" \/>\n<script type=\"application\/ld+json\" class=\"yoast-schema-graph\">{\"@context\":\"https:\\\/\\\/schema.org\",\"@graph\":[{\"@type\":\"WebPage\",\"@id\":\"https:\\\/\\\/coldbet.store\\\/tr\\\/\",\"url\":\"https:\\\/\\\/coldbet.store\\\/tr\\\/\",\"name\":\"Coldbet \u1433 spor bahisleri ve casino oyunlar\u0131\",\"isPartOf\":{\"@id\":\"https:\\\/\\\/coldbet.store\\\/tr\\\/#website\"},\"datePublished\":\"2023-05-18T17:18:34+00:00\",\"dateModified\":\"2025-08-20T07:17:50+00:00\",\"description\":\"Spor bahisleri, casino oyunlar\u0131 ve daha fazlas\u0131 i\u00e7in Coldbet'e \u00e7evrimi\u00e7i kat\u0131l\u0131n. Kolay giri\u015f, h\u0131zl\u0131 \u00f6demeler ve kullan\u0131\u015fl\u0131 bir platform.\",\"breadcrumb\":{\"@id\":\"https:\\\/\\\/coldbet.store\\\/tr\\\/#breadcrumb\"},\"inLanguage\":\"tr\",\"potentialAction\":[{\"@type\":\"ReadAction\",\"target\":[\"https:\\\/\\\/coldbet.store\\\/tr\\\/\"]}]},{\"@type\":\"BreadcrumbList\",\"@id\":\"https:\\\/\\\/coldbet.store\\\/tr\\\/#breadcrumb\",\"itemListElement\":[{\"@type\":\"ListItem\",\"position\":1,\"name\":\"\u0413\u043b\u0430\u0432\u043d\u0430\u044f \u0441\u0442\u0440\u0430\u043d\u0438\u0446\u0430\",\"item\":\"https:\\\/\\\/coldbet.store\\\/tr\\\/\"},{\"@type\":\"ListItem\",\"position\":2,\"name\":\"Ana sayfa\"}]},{\"@type\":\"WebSite\",\"@id\":\"https:\\\/\\\/coldbet.store\\\/tr\\\/#website\",\"url\":\"https:\\\/\\\/coldbet.store\\\/tr\\\/\",\"name\":\"coldbet TR\",\"description\":\"My WordPress Blog\",\"potentialAction\":[{\"@type\":\"SearchAction\",\"target\":{\"@type\":\"EntryPoint\",\"urlTemplate\":\"https:\\\/\\\/coldbet.store\\\/tr\\\/?s={search_term_string}\"},\"query-input\":{\"@type\":\"PropertyValueSpecification\",\"valueRequired\":true,\"valueName\":\"search_term_string\"}}],\"inLanguage\":\"tr\"}]}<\/script>\n<!-- \/ Yoast SEO plugin. -->","yoast_head_json":{"title":"Coldbet \u1433 spor bahisleri ve casino oyunlar\u0131","description":"Spor bahisleri, casino oyunlar\u0131 ve daha fazlas\u0131 i\u00e7in Coldbet'e \u00e7evrimi\u00e7i kat\u0131l\u0131n. Kolay giri\u015f, h\u0131zl\u0131 \u00f6demeler ve kullan\u0131\u015fl\u0131 bir platform.","robots":{"index":"index","follow":"follow","max-snippet":"max-snippet:-1","max-image-preview":"max-image-preview:large","max-video-preview":"max-video-preview:-1"},"og_locale":"tr_TR","og_type":"article","og_title":"Coldbet \u1433 spor bahisleri ve casino oyunlar\u0131","og_description":"Spor bahisleri, casino oyunlar\u0131 ve daha fazlas\u0131 i\u00e7in Coldbet'e \u00e7evrimi\u00e7i kat\u0131l\u0131n. Kolay giri\u015f, h\u0131zl\u0131 \u00f6demeler ve kullan\u0131\u015fl\u0131 bir platform.","og_url":"https:\/\/coldbet.store\/tr\/","og_site_name":"coldbet TR","article_modified_time":"2025-08-20T07:17:50+00:00","twitter_card":"summary_large_image","schema":{"@context":"https:\/\/schema.org","@graph":[{"@type":"WebPage","@id":"https:\/\/coldbet.store\/tr\/","url":"https:\/\/coldbet.store\/tr\/","name":"Coldbet \u1433 spor bahisleri ve casino oyunlar\u0131","isPartOf":{"@id":"https:\/\/coldbet.store\/tr\/#website"},"datePublished":"2023-05-18T17:18:34+00:00","dateModified":"2025-08-20T07:17:50+00:00","description":"Spor bahisleri, casino oyunlar\u0131 ve daha fazlas\u0131 i\u00e7in Coldbet'e \u00e7evrimi\u00e7i kat\u0131l\u0131n. Kolay giri\u015f, h\u0131zl\u0131 \u00f6demeler ve kullan\u0131\u015fl\u0131 bir platform.","breadcrumb":{"@id":"https:\/\/coldbet.store\/tr\/#breadcrumb"},"inLanguage":"tr","potentialAction":[{"@type":"ReadAction","target":["https:\/\/coldbet.store\/tr\/"]}]},{"@type":"BreadcrumbList","@id":"https:\/\/coldbet.store\/tr\/#breadcrumb","itemListElement":[{"@type":"ListItem","position":1,"name":"\u0413\u043b\u0430\u0432\u043d\u0430\u044f \u0441\u0442\u0440\u0430\u043d\u0438\u0446\u0430","item":"https:\/\/coldbet.store\/tr\/"},{"@type":"ListItem","position":2,"name":"Ana sayfa"}]},{"@type":"WebSite","@id":"https:\/\/coldbet.store\/tr\/#website","url":"https:\/\/coldbet.store\/tr\/","name":"coldbet TR","description":"My WordPress Blog","potentialAction":[{"@type":"SearchAction","target":{"@type":"EntryPoint","urlTemplate":"https:\/\/coldbet.store\/tr\/?s={search_term_string}"},"query-input":{"@type":"PropertyValueSpecification","valueRequired":true,"valueName":"search_term_string"}}],"inLanguage":"tr"}]}},"_links":{"self":[{"href":"https:\/\/coldbet.store\/tr\/wp-json\/wp\/v2\/pages\/2","targetHints":{"allow":["GET"]}}],"collection":[{"href":"https:\/\/coldbet.store\/tr\/wp-json\/wp\/v2\/pages"}],"about":[{"href":"https:\/\/coldbet.store\/tr\/wp-json\/wp\/v2\/types\/page"}],"author":[{"embeddable":true,"href":"https:\/\/coldbet.store\/tr\/wp-json\/wp\/v2\/users\/1"}],"replies":[{"embeddable":true,"href":"https:\/\/coldbet.store\/tr\/wp-json\/wp\/v2\/comments?post=2"}],"version-history":[{"count":13,"href":"https:\/\/coldbet.store\/tr\/wp-json\/wp\/v2\/pages\/2\/revisions"}],"predecessor-version":[{"id":259,"href":"https:\/\/coldbet.store\/tr\/wp-json\/wp\/v2\/pages\/2\/revisions\/259"}],"wp:attachment":[{"href":"https:\/\/coldbet.store\/tr\/wp-json\/wp\/v2\/media?parent=2"}],"curies":[{"name":"wp","href":"https:\/\/api.w.org\/{rel}","templated":true}]}}